{"id":14,"date":"2023-09-09T13:16:38","date_gmt":"2023-09-09T16:16:38","guid":{"rendered":"http:\/\/cooinsp.com.br.previewc75.carrierzone.com\/?page_id=14"},"modified":"2023-09-10T12:34:48","modified_gmt":"2023-09-10T15:34:48","slug":"pagina-inicial","status":"publish","type":"page","link":"http:\/\/cooinsp.com.br\/","title":{"rendered":"COOINSP:"},"content":{"rendered":"\n<p>COOPERATIVA DE TRABALHO DOS INSPETORES DE EQUIPAMENTOS AUT\u00d4NOMOS DO ESTADO DA BAHIA LTDA.<\/p>\n\n\n\n<p><strong>Fundada em 1988<\/strong>, a COOINSP cresceu rapidamente, sendo hoje uma das maiores empresas de inspe\u00e7\u00e3o de equipamentos do Brasil, tendo prestado servi\u00e7os nas maiores e mais complexas plantas industriais brasileiras, dos seguimentos de Petr\u00f3leo, Petroqu\u00edmico, Qu\u00edmico e Metal\u00fargico.<\/p>\n\n\n\n<p>Possui um quadro de associados atendendo a diversos tipos de contratos de longa dura\u00e7\u00e3o ou por valores unit\u00e1rios ou ainda em regimes mistos em forma de parceria.<br><br>\u00c9 hoje uma organiza\u00e7\u00e3o consolidada, que investe em equipamentos, treinamento e na qualidade dos servi\u00e7os. Promovendo parcerias tecnologicas em com consultores e empresas especializadas para realiza\u00e7\u00e3o de ensaios-n\u00e3o-destrutivos especiais e an\u00e1lise de integridade.<\/p>\n\n\n\n<p><strong>As raz\u00f5es do Sucesso:<\/strong><br>Organiza\u00e7\u00e3o cooperativista bastante competitiva comercialmente.<br>Profissionais em experi\u00eancia e capacita\u00e7\u00e3o t\u00e9cnica reconhecida.<br>O profissional COOINP, por ser dono do neg\u00f3cio, desenvolve uma maior qualidade e produtividade nos servi\u00e7os.<br>Assist\u00eancia t\u00e9cnica e apoio de engenharia em todos os contratos.<\/p>\n","protected":false},"excerpt":{"rendered":"<p>COOPERATIVA DE TRABALHO DOS INSPETORES DE EQUIPAMENTOS AUT\u00d4NOMOS DO ESTADO DA BAHIA LTDA. Fundada em 1988, a COOINSP cresceu rapidamente, sendo hoje uma das maiores empresas de inspe\u00e7\u00e3o de equipamentos do Brasil, tendo prestado servi\u00e7os nas maiores e mais complexas plantas industriais brasileiras, dos seguimentos de Petr\u00f3leo, Petroqu\u00edmico, Qu\u00edmico e Metal\u00fargico. Possui um quadro de &hellip; <\/p>\n<p class=\"link-more\"><a href=\"http:\/\/cooinsp.com.br\/\" class=\"more-link\">Continue lendo<span class=\"screen-reader-text\"> &#8220;COOINSP:&#8221;<\/span><\/a><\/p>\n","protected":false},"author":1,"featured_media":0,"parent":0,"menu_order":0,"comment_status":"closed","ping_status":"closed","template":"","meta":{"footnotes":""},"class_list":["post-14","page","type-page","status-publish","hentry"],"_links":{"self":[{"href":"http:\/\/cooinsp.com.br\/index.php?rest_route=\/wp\/v2\/pages\/14","targetHints":{"allow":["GET"]}}],"collection":[{"href":"http:\/\/cooinsp.com.br\/index.php?rest_route=\/wp\/v2\/pages"}],"about":[{"href":"http:\/\/cooinsp.com.br\/index.php?rest_route=\/wp\/v2\/types\/page"}],"author":[{"embeddable":true,"href":"http:\/\/cooinsp.com.br\/index.php?rest_route=\/wp\/v2\/users\/1"}],"replies":[{"embeddable":true,"href":"http:\/\/cooinsp.com.br\/index.php?rest_route=%2Fwp%2Fv2%2Fcomments&post=14"}],"version-history":[{"count":8,"href":"http:\/\/cooinsp.com.br\/index.php?rest_route=\/wp\/v2\/pages\/14\/revisions"}],"predecessor-version":[{"id":82,"href":"http:\/\/cooinsp.com.br\/index.php?rest_route=\/wp\/v2\/pages\/14\/revisions\/82"}],"wp:attachment":[{"href":"http:\/\/cooinsp.com.br\/index.php?rest_route=%2Fwp%2Fv2%2Fmedia&parent=14"}],"curies":[{"name":"wp","href":"https:\/\/api.w.org\/{rel}","templated":true}]}}