{"id":18,"date":"2023-09-09T13:16:39","date_gmt":"2023-09-09T16:16:39","guid":{"rendered":"http:\/\/cooinsp.com.br.previewc75.carrierzone.com\/?page_id=18"},"modified":"2023-09-10T17:55:08","modified_gmt":"2023-09-10T20:55:08","slug":"atuacao","status":"publish","type":"page","link":"http:\/\/cooinsp.com.br\/?page_id=18","title":{"rendered":"\u00c1REAS DE ATUA\u00c7\u00c3O"},"content":{"rendered":"\n<p><strong>A COOINSP est\u00e1 capacitada a prestar servi\u00e7os nas seguintes \u00e1reas:<\/strong><\/p>\n\n\n\n<p>Inspe\u00e7\u00e3o preditiva e preventiva de equipamentos;<br>Inspe\u00e7\u00e3o de equipamentos em paradas de unidades;<br>Inspe\u00e7\u00e3o de fabrica\u00e7\u00e3o de equipamentos;<br>Inspe\u00e7\u00e3o de Recebimento e Preserva\u00e7\u00e3o de Materiais;<br>Planejamento e detalhamento de servi\u00e7os de inspe\u00e7\u00e3o;<br>Elabora\u00e7\u00e3o de procedimentos de inspe\u00e7\u00e3o;<br>An\u00e1lises metalogr\u00e1ficas destrutivas e por r\u00e9plicas.;<br>Elabora\u00e7\u00e3o de planos de inspe\u00e7\u00e3o de equipamentos e enquadramento \u00e0 NR-13;<br>Aplica\u00e7\u00e3o dos ensaios-n\u00e3o-destrutivos (END&#8217;s) e controle da qualidade (CQ) de atividades de manuten\u00e7\u00e3o ou montagem industrial;<br>A COOINSP est\u00e1 cadastrada nos itens 2.5.2 e 2.3.4<br>(inspe\u00e7\u00e3o de equipamentos em opera\u00e7\u00e3o e ensaios-n\u00e3o-destrutivos) pela PETROBR\u00c1S.<\/p>\n","protected":false},"excerpt":{"rendered":"<p>A COOINSP est\u00e1 capacitada a prestar servi\u00e7os nas seguintes \u00e1reas: Inspe\u00e7\u00e3o preditiva e preventiva de equipamentos;Inspe\u00e7\u00e3o de equipamentos em paradas de unidades;Inspe\u00e7\u00e3o de fabrica\u00e7\u00e3o de equipamentos;Inspe\u00e7\u00e3o de Recebimento e Preserva\u00e7\u00e3o de Materiais;Planejamento e detalhamento de servi\u00e7os de inspe\u00e7\u00e3o;Elabora\u00e7\u00e3o de procedimentos de inspe\u00e7\u00e3o;An\u00e1lises metalogr\u00e1ficas destrutivas e por r\u00e9plicas.;Elabora\u00e7\u00e3o de planos de inspe\u00e7\u00e3o de equipamentos e enquadramento &hellip; <\/p>\n<p class=\"link-more\"><a href=\"http:\/\/cooinsp.com.br\/?page_id=18\" class=\"more-link\">Continue lendo<span class=\"screen-reader-text\"> &#8220;\u00c1REAS DE ATUA\u00c7\u00c3O&#8221;<\/span><\/a><\/p>\n","protected":false},"author":1,"featured_media":58,"parent":0,"menu_order":0,"comment_status":"closed","ping_status":"closed","template":"","meta":{"footnotes":"[]"},"class_list":["post-18","page","type-page","status-publish","has-post-thumbnail","hentry"],"_links":{"self":[{"href":"http:\/\/cooinsp.com.br\/index.php?rest_route=\/wp\/v2\/pages\/18","targetHints":{"allow":["GET"]}}],"collection":[{"href":"http:\/\/cooinsp.com.br\/index.php?rest_route=\/wp\/v2\/pages"}],"about":[{"href":"http:\/\/cooinsp.com.br\/index.php?rest_route=\/wp\/v2\/types\/page"}],"author":[{"embeddable":true,"href":"http:\/\/cooinsp.com.br\/index.php?rest_route=\/wp\/v2\/users\/1"}],"replies":[{"embeddable":true,"href":"http:\/\/cooinsp.com.br\/index.php?rest_route=%2Fwp%2Fv2%2Fcomments&post=18"}],"version-history":[{"count":3,"href":"http:\/\/cooinsp.com.br\/index.php?rest_route=\/wp\/v2\/pages\/18\/revisions"}],"predecessor-version":[{"id":59,"href":"http:\/\/cooinsp.com.br\/index.php?rest_route=\/wp\/v2\/pages\/18\/revisions\/59"}],"wp:featuredmedia":[{"embeddable":true,"href":"http:\/\/cooinsp.com.br\/index.php?rest_route=\/wp\/v2\/media\/58"}],"wp:attachment":[{"href":"http:\/\/cooinsp.com.br\/index.php?rest_route=%2Fwp%2Fv2%2Fmedia&parent=18"}],"curies":[{"name":"wp","href":"https:\/\/api.w.org\/{rel}","templated":true}]}}